{"id":12,"date":"2024-04-19T14:39:08","date_gmt":"2024-04-19T11:39:08","guid":{"rendered":"https:\/\/www.beyzademirci.av.tr\/?page_id=12"},"modified":"2024-04-20T17:25:14","modified_gmt":"2024-04-20T14:25:14","slug":"hizmetlerimiz","status":"publish","type":"page","link":"https:\/\/www.beyzademirci.av.tr\/index.php\/hizmetlerimiz\/","title":{"rendered":"H\u0130ZMETLER\u0130M\u0130Z"},"content":{"rendered":"\n<figure class=\"wp-block-image size-full\"><img loading=\"lazy\" decoding=\"async\" width=\"768\" height=\"504\" src=\"https:\/\/www.beyzademirci.av.tr\/wp-content\/uploads\/2024\/04\/hizmetlerimiz-768x504-1.jpg\" alt=\"\" class=\"wp-image-28\" srcset=\"https:\/\/www.beyzademirci.av.tr\/wp-content\/uploads\/2024\/04\/hizmetlerimiz-768x504-1.jpg 768w, https:\/\/www.beyzademirci.av.tr\/wp-content\/uploads\/2024\/04\/hizmetlerimiz-768x504-1-300x197.jpg 300w, https:\/\/www.beyzademirci.av.tr\/wp-content\/uploads\/2024\/04\/hizmetlerimiz-768x504-1-267x175.jpg 267w, https:\/\/www.beyzademirci.av.tr\/wp-content\/uploads\/2024\/04\/hizmetlerimiz-768x504-1-175x115.jpg 175w, https:\/\/www.beyzademirci.av.tr\/wp-content\/uploads\/2024\/04\/hizmetlerimiz-768x504-1-238x156.jpg 238w, https:\/\/www.beyzademirci.av.tr\/wp-content\/uploads\/2024\/04\/hizmetlerimiz-768x504-1-164x108.jpg 164w, https:\/\/www.beyzademirci.av.tr\/wp-content\/uploads\/2024\/04\/hizmetlerimiz-768x504-1-236x155.jpg 236w\" sizes=\"auto, (max-width: 768px) 100vw, 768px\" \/><\/figure>\n\n\n\n<ul class=\"wp-block-list\">\n<li>\u0130cra, \u0130flas Hukuku<\/li>\n\n\n\n<li>Ticaret Hukuku<\/li>\n\n\n\n<li>\u0130\u015f ve Sosyal G\u00fcvenlik Hukuku<\/li>\n\n\n\n<li>Tazminatlar Hukuku<\/li>\n\n\n\n<li>Bor\u00e7lar Hukuku<\/li>\n\n\n\n<li>Aile Hukuku<\/li>\n\n\n\n<li>Miras Hukuku<\/li>\n\n\n\n<li>\u015eirketler Hukuku<\/li>\n\n\n\n<li>\u0130dare ve Vergi Hukuku<\/li>\n\n\n\n<li>S\u00f6zle\u015fmeler<\/li>\n\n\n\n<li>Uzla\u015fma<\/li>\n<\/ul>\n\n\n\n<p>Hukuk Dan\u0131\u015fmanl\u0131\u011f\u0131 gibi hizmetlerinin yan\u0131 s\u0131ra bir\u00e7ok konuda uzmanla\u015farak, b\u00f6lgesinde ve Kastamonu\u2019da tecr\u00fcbeli ekibiyle birlikte avukatl\u0131k hizmeti sunmaktad\u0131r.<\/p>\n","protected":false},"excerpt":{"rendered":"<p>Hukuk Dan\u0131\u015fmanl\u0131\u011f\u0131 gibi hizmetlerinin yan\u0131 s\u0131ra bir\u00e7ok konuda uzmanla\u015farak, b\u00f6lgesinde ve Kastamonu\u2019da tecr\u00fcbeli ekibiyle birlikte avukatl\u0131k hizmeti sunmaktad\u0131r.<\/p>\n","protected":false},"author":1,"featured_media":0,"parent":0,"menu_order":0,"comment_status":"closed","ping_status":"closed","template":"","meta":{"footnotes":""},"class_list":["post-12","page","type-page","status-publish","hentry"],"_links":{"self":[{"href":"https:\/\/www.beyzademirci.av.tr\/index.php\/wp-json\/wp\/v2\/pages\/12","targetHints":{"allow":["GET"]}}],"collection":[{"href":"https:\/\/www.beyzademirci.av.tr\/index.php\/wp-json\/wp\/v2\/pages"}],"about":[{"href":"https:\/\/www.beyzademirci.av.tr\/index.php\/wp-json\/wp\/v2\/types\/page"}],"author":[{"embeddable":true,"href":"https:\/\/www.beyzademirci.av.tr\/index.php\/wp-json\/wp\/v2\/users\/1"}],"replies":[{"embeddable":true,"href":"https:\/\/www.beyzademirci.av.tr\/index.php\/wp-json\/wp\/v2\/comments?post=12"}],"version-history":[{"count":3,"href":"https:\/\/www.beyzademirci.av.tr\/index.php\/wp-json\/wp\/v2\/pages\/12\/revisions"}],"predecessor-version":[{"id":30,"href":"https:\/\/www.beyzademirci.av.tr\/index.php\/wp-json\/wp\/v2\/pages\/12\/revisions\/30"}],"wp:attachment":[{"href":"https:\/\/www.beyzademirci.av.tr\/index.php\/wp-json\/wp\/v2\/media?parent=12"}],"curies":[{"name":"wp","href":"https:\/\/api.w.org\/{rel}","templated":true}]}}