{"id":14,"date":"2024-04-19T14:39:32","date_gmt":"2024-04-19T11:39:32","guid":{"rendered":"https:\/\/www.beyzademirci.av.tr\/?page_id=14"},"modified":"2024-04-20T17:27:09","modified_gmt":"2024-04-20T14:27:09","slug":"degerlerimiz","status":"publish","type":"page","link":"https:\/\/www.beyzademirci.av.tr\/index.php\/degerlerimiz\/","title":{"rendered":"DE\u011eERLER\u0130M\u0130Z"},"content":{"rendered":"\n<figure class=\"wp-block-image size-full\"><img loading=\"lazy\" decoding=\"async\" width=\"768\" height=\"432\" src=\"https:\/\/www.beyzademirci.av.tr\/wp-content\/uploads\/2024\/04\/hizmetlerimiz-768x432-1.jpeg\" alt=\"\" class=\"wp-image-31\" srcset=\"https:\/\/www.beyzademirci.av.tr\/wp-content\/uploads\/2024\/04\/hizmetlerimiz-768x432-1.jpeg 768w, https:\/\/www.beyzademirci.av.tr\/wp-content\/uploads\/2024\/04\/hizmetlerimiz-768x432-1-300x169.jpeg 300w, https:\/\/www.beyzademirci.av.tr\/wp-content\/uploads\/2024\/04\/hizmetlerimiz-768x432-1-311x175.jpeg 311w, https:\/\/www.beyzademirci.av.tr\/wp-content\/uploads\/2024\/04\/hizmetlerimiz-768x432-1-175x98.jpeg 175w, https:\/\/www.beyzademirci.av.tr\/wp-content\/uploads\/2024\/04\/hizmetlerimiz-768x432-1-238x134.jpeg 238w, https:\/\/www.beyzademirci.av.tr\/wp-content\/uploads\/2024\/04\/hizmetlerimiz-768x432-1-164x92.jpeg 164w, https:\/\/www.beyzademirci.av.tr\/wp-content\/uploads\/2024\/04\/hizmetlerimiz-768x432-1-236x133.jpeg 236w\" sizes=\"auto, (max-width: 768px) 100vw, 768px\" \/><\/figure>\n\n\n\n<p>Avukat;<\/p>\n\n\n\n<p>Hukuki m\u00fcnasebetlerin d\u00fczenlenmesini, her t\u00fcrl\u00fc hukuki mesele ve anla\u015fmazl\u0131klar\u0131n adalet ve hakkaniyete uygun olarak \u00e7\u00f6z\u00fcmlenmesini ve hukuk kurallar\u0131n\u0131n tam olarak uygulanmas\u0131n\u0131 her derecede yarg\u0131 organlar\u0131, hakemler, resmi ve \u00f6zel ki\u015fi, kurul ve kurumlar nezdinde sa\u011flamakt\u0131r.<\/p>\n\n\n\n<p>Avukat bu ama\u00e7la hukuki bilgi ve tecr\u00fcbelerini adalet hizmetine ve ki\u015filerin yararlanmas\u0131na tahsis eder.<\/p>\n\n\n\n<p>Bu ama\u00e7la kurulmu\u015f olan Demirci Avukatl\u0131k B\u00fcrosu, Tecr\u00fcbeli ekibiyle birlikte an\u0131lan hizmetleri ba\u011fl\u0131 kalarak avukatl\u0131k hizmetlerini sunmaktad\u0131r.<\/p>\n","protected":false},"excerpt":{"rendered":"<p>Avukat; Hukuki m\u00fcnasebetlerin d\u00fczenlenmesini, her t\u00fcrl\u00fc hukuki mesele ve anla\u015fmazl\u0131klar\u0131n adalet ve hakkaniyete uygun olarak \u00e7\u00f6z\u00fcmlenmesini ve hukuk kurallar\u0131n\u0131n tam olarak uygulanmas\u0131n\u0131 her derecede yarg\u0131 organlar\u0131, hakemler, resmi ve \u00f6zel ki\u015fi, kurul ve kurumlar nezdinde sa\u011flamakt\u0131r. Avukat bu ama\u00e7la hukuki bilgi ve tecr\u00fcbelerini adalet hizmetine ve ki\u015filerin yararlanmas\u0131na tahsis eder. Bu ama\u00e7la kurulmu\u015f olan Demirci [&hellip;]<\/p>\n","protected":false},"author":1,"featured_media":0,"parent":0,"menu_order":0,"comment_status":"closed","ping_status":"closed","template":"","meta":{"footnotes":""},"class_list":["post-14","page","type-page","status-publish","hentry"],"_links":{"self":[{"href":"https:\/\/www.beyzademirci.av.tr\/index.php\/wp-json\/wp\/v2\/pages\/14","targetHints":{"allow":["GET"]}}],"collection":[{"href":"https:\/\/www.beyzademirci.av.tr\/index.php\/wp-json\/wp\/v2\/pages"}],"about":[{"href":"https:\/\/www.beyzademirci.av.tr\/index.php\/wp-json\/wp\/v2\/types\/page"}],"author":[{"embeddable":true,"href":"https:\/\/www.beyzademirci.av.tr\/index.php\/wp-json\/wp\/v2\/users\/1"}],"replies":[{"embeddable":true,"href":"https:\/\/www.beyzademirci.av.tr\/index.php\/wp-json\/wp\/v2\/comments?post=14"}],"version-history":[{"count":2,"href":"https:\/\/www.beyzademirci.av.tr\/index.php\/wp-json\/wp\/v2\/pages\/14\/revisions"}],"predecessor-version":[{"id":32,"href":"https:\/\/www.beyzademirci.av.tr\/index.php\/wp-json\/wp\/v2\/pages\/14\/revisions\/32"}],"wp:attachment":[{"href":"https:\/\/www.beyzademirci.av.tr\/index.php\/wp-json\/wp\/v2\/media?parent=14"}],"curies":[{"name":"wp","href":"https:\/\/api.w.org\/{rel}","templated":true}]}}