{"id":33,"date":"2024-04-20T17:38:54","date_gmt":"2024-04-20T14:38:54","guid":{"rendered":"https:\/\/www.beyzademirci.av.tr\/?page_id=33"},"modified":"2024-07-18T16:19:15","modified_gmt":"2024-07-18T13:19:15","slug":"iletisim","status":"publish","type":"page","link":"https:\/\/www.beyzademirci.av.tr\/index.php\/iletisim\/","title":{"rendered":"\u0130LET\u0130\u015e\u0130M"},"content":{"rendered":"\n<iframe src=\"https:\/\/www.google.com\/maps\/embed?pb=!1m18!1m12!1m3!1d2991.9691298872317!2d33.77380584199131!3d41.418188781814266!2m3!1f0!2f0!3f0!3m2!1i1024!2i768!4f13.1!3m3!1m2!1s0x4084fb3d4353c69f%3A0x59b04e8c32a8802d!2sDemirci%20Avukatl%C4%B1k%20B%C3%BCrosu%20%7C%20Kastamonu%20Avukat%20%7C%20Kastamonu%20Avukatlar%C4%B1!5e0!3m2!1str!2str!4v1713623519080!5m2!1str!2str\" width=\"600\" height=\"450\" style=\"border:0;\" allowfullscreen=\"\" loading=\"lazy\" referrerpolicy=\"no-referrer-when-downgrade\"><\/iframe>\n\n\n\n<p>DEM\u0130RC\u0130 AVUKATLIK B\u00dcROSU \u0130LET\u0130\u015e\u0130M NUMARALARI<\/p>\n\n\n\n<p>+90 366 502 40 04<\/p>\n\n\n\n<p>+90 366 502 40 05<\/p>\n\n\n\n<p>+90 552 703 37 16<\/p>\n\n\n\n<p>E-Posta: demirciavukatlik@gmail.com<\/p>\n","protected":false},"excerpt":{"rendered":"<p>DEM\u0130RC\u0130 AVUKATLIK B\u00dcROSU \u0130LET\u0130\u015e\u0130M NUMARALARI +90 366 502 40 04 +90 366 502 40 05 +90 552 703 37 16 E-Posta: demirciavukatlik@gmail.com<\/p>\n","protected":false},"author":1,"featured_media":0,"parent":0,"menu_order":0,"comment_status":"closed","ping_status":"closed","template":"","meta":{"footnotes":""},"class_list":["post-33","page","type-page","status-publish","hentry"],"_links":{"self":[{"href":"https:\/\/www.beyzademirci.av.tr\/index.php\/wp-json\/wp\/v2\/pages\/33","targetHints":{"allow":["GET"]}}],"collection":[{"href":"https:\/\/www.beyzademirci.av.tr\/index.php\/wp-json\/wp\/v2\/pages"}],"about":[{"href":"https:\/\/www.beyzademirci.av.tr\/index.php\/wp-json\/wp\/v2\/types\/page"}],"author":[{"embeddable":true,"href":"https:\/\/www.beyzademirci.av.tr\/index.php\/wp-json\/wp\/v2\/users\/1"}],"replies":[{"embeddable":true,"href":"https:\/\/www.beyzademirci.av.tr\/index.php\/wp-json\/wp\/v2\/comments?post=33"}],"version-history":[{"count":4,"href":"https:\/\/www.beyzademirci.av.tr\/index.php\/wp-json\/wp\/v2\/pages\/33\/revisions"}],"predecessor-version":[{"id":41,"href":"https:\/\/www.beyzademirci.av.tr\/index.php\/wp-json\/wp\/v2\/pages\/33\/revisions\/41"}],"wp:attachment":[{"href":"https:\/\/www.beyzademirci.av.tr\/index.php\/wp-json\/wp\/v2\/media?parent=33"}],"curies":[{"name":"wp","href":"https:\/\/api.w.org\/{rel}","templated":true}]}}