{"id":8,"date":"2024-04-19T14:37:19","date_gmt":"2024-04-19T11:37:19","guid":{"rendered":"https:\/\/www.beyzademirci.av.tr\/?page_id=8"},"modified":"2024-04-19T14:37:19","modified_gmt":"2024-04-19T11:37:19","slug":"hakkimizda","status":"publish","type":"page","link":"https:\/\/www.beyzademirci.av.tr\/index.php\/hakkimizda\/","title":{"rendered":"HAKKIMIZDA"},"content":{"rendered":"\n<figure class=\"wp-block-image size-full\"><img loading=\"lazy\" decoding=\"async\" width=\"768\" height=\"502\" src=\"https:\/\/www.beyzademirci.av.tr\/wp-content\/uploads\/2024\/04\/How-to-Work-in-Law-Without-Being-a-Lawyer-768x502-1.jpg\" alt=\"\" class=\"wp-image-9\" srcset=\"https:\/\/www.beyzademirci.av.tr\/wp-content\/uploads\/2024\/04\/How-to-Work-in-Law-Without-Being-a-Lawyer-768x502-1.jpg 768w, https:\/\/www.beyzademirci.av.tr\/wp-content\/uploads\/2024\/04\/How-to-Work-in-Law-Without-Being-a-Lawyer-768x502-1-300x196.jpg 300w, https:\/\/www.beyzademirci.av.tr\/wp-content\/uploads\/2024\/04\/How-to-Work-in-Law-Without-Being-a-Lawyer-768x502-1-268x175.jpg 268w, https:\/\/www.beyzademirci.av.tr\/wp-content\/uploads\/2024\/04\/How-to-Work-in-Law-Without-Being-a-Lawyer-768x502-1-175x114.jpg 175w, https:\/\/www.beyzademirci.av.tr\/wp-content\/uploads\/2024\/04\/How-to-Work-in-Law-Without-Being-a-Lawyer-768x502-1-238x156.jpg 238w, https:\/\/www.beyzademirci.av.tr\/wp-content\/uploads\/2024\/04\/How-to-Work-in-Law-Without-Being-a-Lawyer-768x502-1-164x107.jpg 164w, https:\/\/www.beyzademirci.av.tr\/wp-content\/uploads\/2024\/04\/How-to-Work-in-Law-Without-Being-a-Lawyer-768x502-1-236x154.jpg 236w\" sizes=\"auto, (max-width: 768px) 100vw, 768px\" \/><\/figure>\n\n\n\n<p>Avukat Beyza Demirci,<\/p>\n\n\n\n<p>1988 y\u0131l\u0131nda Kastamonu\u2019da do\u011fdu. \u0130lk ve orta \u00f6\u011frenimini Ta\u015fk\u00f6pr\u00fc\u2019de Lise E\u011fitimi ise Kastamonu\u2019da tamamlad\u0131 2007 y\u0131l\u0131nda Do\u011fu Akdeniz \u00dcniversitesi Hukuk Fak\u00fcltesi\u2019ni kazanarak e\u011fitimini burada tamamlad\u0131. 2014 y\u0131l\u0131ndan bu yana Kastamonu Barosuna kay\u0131tl\u0131 serbest avukatl\u0131k yapmaktad\u0131r.<\/p>\n\n\n\n<p>DEM\u0130RC\u0130 AVUKATLIK B\u00dcROSU OLARAK;<\/p>\n\n\n\n<p>Siz de\u011ferli m\u00fcvekkillerimizin hukuki meselelerini h\u0131zl\u0131 bir \u015fekilde ve \u00fcst\u00fcn hizmet anlay\u0131\u015f\u0131yla \u00e7\u00f6zmek, riskleri azaltmak en \u00f6nemli gayemizdir.<br>Bireysel ve kurumsal ayr\u0131m\u0131 g\u00f6zetmeksizin, t\u00fcm beklentilerinizi kar\u015f\u0131layan hukuk ve dan\u0131\u015fmanl\u0131k hizmetleri sunmaya bundan sonra da devam edece\u011fiz. \u0130htiyac\u0131n\u0131za ve hedeflerinize uygun s\u00f6zle\u015fmelerin haz\u0131rlanmas\u0131, hukuki ve sekt\u00f6rel dan\u0131\u015fmanl\u0131k,<br>davalar\u0131n takibi, resmi ve \u00f6zel t\u00fcm kurumlardaki i\u015flem, ba\u015fvuru ve takiplerin zaman\u0131nda yap\u0131lmas\u0131 ve sonu\u00e7land\u0131r\u0131lmas\u0131 i\u00e7in her zaman yan\u0131n\u0131zda olaca\u011f\u0131z\u2026<\/p>\n","protected":false},"excerpt":{"rendered":"<p>Avukat Beyza Demirci, 1988 y\u0131l\u0131nda Kastamonu\u2019da do\u011fdu. \u0130lk ve orta \u00f6\u011frenimini Ta\u015fk\u00f6pr\u00fc\u2019de Lise E\u011fitimi ise Kastamonu\u2019da tamamlad\u0131 2007 y\u0131l\u0131nda Do\u011fu Akdeniz \u00dcniversitesi Hukuk Fak\u00fcltesi\u2019ni kazanarak e\u011fitimini burada tamamlad\u0131. 2014 y\u0131l\u0131ndan bu yana Kastamonu Barosuna kay\u0131tl\u0131 serbest avukatl\u0131k yapmaktad\u0131r. DEM\u0130RC\u0130 AVUKATLIK B\u00dcROSU OLARAK; Siz de\u011ferli m\u00fcvekkillerimizin hukuki meselelerini h\u0131zl\u0131 bir \u015fekilde ve \u00fcst\u00fcn hizmet anlay\u0131\u015f\u0131yla \u00e7\u00f6zmek, [&hellip;]<\/p>\n","protected":false},"author":1,"featured_media":0,"parent":0,"menu_order":0,"comment_status":"closed","ping_status":"closed","template":"","meta":{"footnotes":""},"class_list":["post-8","page","type-page","status-publish","hentry"],"_links":{"self":[{"href":"https:\/\/www.beyzademirci.av.tr\/index.php\/wp-json\/wp\/v2\/pages\/8","targetHints":{"allow":["GET"]}}],"collection":[{"href":"https:\/\/www.beyzademirci.av.tr\/index.php\/wp-json\/wp\/v2\/pages"}],"about":[{"href":"https:\/\/www.beyzademirci.av.tr\/index.php\/wp-json\/wp\/v2\/types\/page"}],"author":[{"embeddable":true,"href":"https:\/\/www.beyzademirci.av.tr\/index.php\/wp-json\/wp\/v2\/users\/1"}],"replies":[{"embeddable":true,"href":"https:\/\/www.beyzademirci.av.tr\/index.php\/wp-json\/wp\/v2\/comments?post=8"}],"version-history":[{"count":1,"href":"https:\/\/www.beyzademirci.av.tr\/index.php\/wp-json\/wp\/v2\/pages\/8\/revisions"}],"predecessor-version":[{"id":10,"href":"https:\/\/www.beyzademirci.av.tr\/index.php\/wp-json\/wp\/v2\/pages\/8\/revisions\/10"}],"wp:attachment":[{"href":"https:\/\/www.beyzademirci.av.tr\/index.php\/wp-json\/wp\/v2\/media?parent=8"}],"curies":[{"name":"wp","href":"https:\/\/api.w.org\/{rel}","templated":true}]}}